{"id":10073,"date":"2024-05-23T21:54:44","date_gmt":"2024-05-23T19:54:44","guid":{"rendered":"https:\/\/siulaiklaipeda.eu\/?post_type=product&#038;p=10073"},"modified":"2026-04-11T10:40:42","modified_gmt":"2026-04-11T07:40:42","slug":"yarnart-mohair-trendy-145","status":"publish","type":"product","link":"https:\/\/siulaiklaipeda.eu\/en\/product\/yarnart-mohair-trendy-145\/","title":{"rendered":"YarnArt Mohair Trendy 145"},"content":{"rendered":"<ul>\n<li>Composition: 50 % mohair, 50% acrylic<\/li>\n<li>Length: 100 g, 220 m<\/li>\n<li>Manufacturer: YarnArt, Turkey<\/li>\n<li>\n<div class=\"xdj266r x11i5rnm xat24cr x1mh8g0r x1vvkbs x126k92a\">\n<div dir=\"auto\">Do you dream of a knit that would make every passerby stop and admire? Then Mohair Trendy is your irreplaceable choice! These yarns not only add a sense of lightness and luxury, but also allow you to experiment with textures and colors.<\/div>\n<\/div>\n<div class=\"x11i5rnm xat24cr x1mh8g0r x1vvkbs xtlvy1s x126k92a\">\n<div dir=\"auto\">Soft as a cloud of fluff: Thanks to mohair fiber, your knits will be so soft that you&#039;ll want to hug them.<\/div>\n<\/div>\n<div class=\"x11i5rnm xat24cr x1mh8g0r x1vvkbs xtlvy1s x126k92a\">\n<div dir=\"auto\">Knitting Experience - Meditation: These yarns glide through your fingers and needles so easily that the process itself becomes therapeutic. Perfect for beginners and experienced knitters!<\/div>\n<\/div>\n<\/li>\n<\/ul>","protected":false},"excerpt":{"rendered":"<p>Sud\u0117tis : 50 % mohera ,50%\u00a0 akrilas Ilgis :100 g ,220 m Gamintojas :YarnArt ,Turkija Ar svajojate apie mezgin\u012f, kuris priverst\u0173 sustoti ir \u017eav\u0117tis kiekvien\u0105 praeiv\u012f? Tuomet &#8222;Mohair Trendy&#8221; \u2013 j\u016bs\u0173 nepakei\u010diamas pasirinkimas! \u0160ie si\u016blai ne tik prideda lengvumo ir prabangos jausm\u0105, bet ir leid\u017eia jums eksperimentuoti su tekst\u016bromis bei spalvomis. \u0160velnumas kaip debes\u0173 p\u016bkas: [&hellip;]<\/p>","protected":false},"featured_media":21913,"template":"","meta":[],"product_brand":[],"product_cat":[94,150,49],"product_tag":[],"class_list":{"0":"post-10073","1":"product","2":"type-product","3":"status-publish","4":"has-post-thumbnail","6":"product_cat-yarnart","7":"product_cat-mohair-trendy","8":"product_cat-mohera","10":"first","11":"instock","12":"taxable","13":"shipping-taxable","14":"purchasable","15":"product-type-simple"},"_links":{"self":[{"href":"https:\/\/siulaiklaipeda.eu\/en\/wp-json\/wp\/v2\/product\/10073","targetHints":{"allow":["GET"]}}],"collection":[{"href":"https:\/\/siulaiklaipeda.eu\/en\/wp-json\/wp\/v2\/product"}],"about":[{"href":"https:\/\/siulaiklaipeda.eu\/en\/wp-json\/wp\/v2\/types\/product"}],"wp:featuredmedia":[{"embeddable":true,"href":"https:\/\/siulaiklaipeda.eu\/en\/wp-json\/wp\/v2\/media\/21913"}],"wp:attachment":[{"href":"https:\/\/siulaiklaipeda.eu\/en\/wp-json\/wp\/v2\/media?parent=10073"}],"wp:term":[{"taxonomy":"product_brand","embeddable":true,"href":"https:\/\/siulaiklaipeda.eu\/en\/wp-json\/wp\/v2\/product_brand?post=10073"},{"taxonomy":"product_cat","embeddable":true,"href":"https:\/\/siulaiklaipeda.eu\/en\/wp-json\/wp\/v2\/product_cat?post=10073"},{"taxonomy":"product_tag","embeddable":true,"href":"https:\/\/siulaiklaipeda.eu\/en\/wp-json\/wp\/v2\/product_tag?post=10073"}],"curies":[{"name":"wp","href":"https:\/\/api.w.org\/{rel}","templated":true}]}}