{"id":9315,"date":"2024-03-18T11:09:30","date_gmt":"2024-03-18T11:09:30","guid":{"rendered":"https:\/\/siulaiklaipeda.eu\/?page_id=9315"},"modified":"2025-04-11T16:13:05","modified_gmt":"2025-04-11T14:13:05","slug":"prekiu-grazinimas","status":"publish","type":"page","link":"https:\/\/siulaiklaipeda.eu\/en\/prekiu-grazinimas\/","title":{"rendered":"Return of goods"},"content":{"rendered":"<div data-elementor-type=\"wp-page\" data-elementor-id=\"9315\" class=\"elementor elementor-9315\">\n\t\t\t\t<div class=\"elementor-element elementor-element-e0f226c e-flex e-con-boxed e-con e-parent\" data-id=\"e0f226c\" data-element_type=\"container\" data-e-type=\"container\">\n\t\t\t\t\t<div class=\"e-con-inner\">\n\t\t\t\t<div class=\"elementor-element elementor-element-23d0a50 elementor-widget elementor-widget-text-editor\" data-id=\"23d0a50\" data-element_type=\"widget\" data-e-type=\"widget\" data-widget_type=\"text-editor.default\">\n\t\t\t\t<div class=\"elementor-widget-container\">\n\t\t\t\t\t\t\t\t\t<p><\/p>\n<p><strong>Rules for returning goods:<br \/><\/strong>You can return the product within 14 days of receiving the product. The money is returned to the account specified by the buyer.<br \/>After receiving the wrong ordered product and informing the buyer, the seller replaces the goods at his own expense.<br \/>After changing your mind about the purchase and requesting a refund, the seller, after receiving and evaluating the item, returns all money paid for the items, <br \/>shipping fee is deducted and non-refundable.<br \/>Returned goods must be in their original condition, undamaged and in their original packaging.<\/p>\n<p><b><span style=\"text-decoration: underline;\">Where to return the product<\/span>:<br \/><\/b>Gedmin\u0173 Norfa OMNIVA post machine, Klaip\u0117da<br \/>Kristina Klymantien\u0117<br \/>+37062250174<\/p>\n<p><b>Props:<br \/><\/b>Kristina Klymantien\u0117<br \/>IV certificate no. 1044659<br \/>Account no. LT957300010166712925<br \/>I.Simonaityt\u0117s 31-79, Klaip\u0117da LT-95192<br \/>Phone: +37062250174<br \/>email Mail: siulaiklaipeda@gmail.com<\/p>\n<p><\/p>\t\t\t\t\t\t\t\t<\/div>\n\t\t\t\t<\/div>\n\t\t\t\t\t<\/div>\n\t\t\t\t<\/div>\n\t\t\t\t<\/div>","protected":false},"excerpt":{"rendered":"<p>Preki\u0173 gr\u0105\u017einimo taisykl\u0117s:Prek\u0119 gr\u0105\u017einti galite per 14 d.d nuo prek\u0117s gavimo. Pinigai gr\u0105\u017einami \u012f pirk\u0117jo nurodyt\u0105 s\u0105skait\u0105.Gavus ne t\u0105 u\u017esakyt\u0105 prek\u0119 ir pirk\u0117jui informavus, pardav\u0117jas savo s\u0105skaita vykdo preki\u0173 keitim\u0105.Apsigalvojus d\u0117l pirkinio ir papra\u0161ius gr\u0105\u017einti pinigus, pardav\u0117jas, atgav\u0119s ir \u012fvertin\u0119s prek\u0119, gr\u0105\u017eina visus u\u017e prekes sumok\u0117tus pinigus, siuntos mokestis i\u0161skai\u010diuojamas ir negr\u0105\u017einamas.Gr\u0105\u017einamos prek\u0117s turi b\u016bti [&hellip;]<\/p>","protected":false},"author":1,"featured_media":0,"parent":0,"menu_order":0,"comment_status":"closed","ping_status":"closed","template":"","meta":{"footnotes":""},"class_list":["post-9315","page","type-page","status-publish","hentry"],"_links":{"self":[{"href":"https:\/\/siulaiklaipeda.eu\/en\/wp-json\/wp\/v2\/pages\/9315","targetHints":{"allow":["GET"]}}],"collection":[{"href":"https:\/\/siulaiklaipeda.eu\/en\/wp-json\/wp\/v2\/pages"}],"about":[{"href":"https:\/\/siulaiklaipeda.eu\/en\/wp-json\/wp\/v2\/types\/page"}],"author":[{"embeddable":true,"href":"https:\/\/siulaiklaipeda.eu\/en\/wp-json\/wp\/v2\/users\/1"}],"replies":[{"embeddable":true,"href":"https:\/\/siulaiklaipeda.eu\/en\/wp-json\/wp\/v2\/comments?post=9315"}],"version-history":[{"count":34,"href":"https:\/\/siulaiklaipeda.eu\/en\/wp-json\/wp\/v2\/pages\/9315\/revisions"}],"predecessor-version":[{"id":17651,"href":"https:\/\/siulaiklaipeda.eu\/en\/wp-json\/wp\/v2\/pages\/9315\/revisions\/17651"}],"wp:attachment":[{"href":"https:\/\/siulaiklaipeda.eu\/en\/wp-json\/wp\/v2\/media?parent=9315"}],"curies":[{"name":"wp","href":"https:\/\/api.w.org\/{rel}","templated":true}]}}