{"id":8702,"date":"2024-03-11T13:43:47","date_gmt":"2024-03-11T13:43:47","guid":{"rendered":"https:\/\/siulaiklaipeda.eu\/?page_id=8702"},"modified":"2025-04-11T16:13:43","modified_gmt":"2025-04-11T14:13:43","slug":"privatumo-politika","status":"publish","type":"page","link":"https:\/\/siulaiklaipeda.eu\/en\/privatumo-politika\/","title":{"rendered":"Privacy Policy"},"content":{"rendered":"<div data-elementor-type=\"wp-page\" data-elementor-id=\"8702\" class=\"elementor elementor-8702\">\n\t\t\t\t<div class=\"elementor-element elementor-element-ce45ae4 e-flex e-con-boxed e-con e-parent\" data-id=\"ce45ae4\" data-element_type=\"container\" data-e-type=\"container\">\n\t\t\t\t\t<div class=\"e-con-inner\">\n\t\t\t\t<div class=\"elementor-element elementor-element-272336d elementor-widget elementor-widget-text-editor\" data-id=\"272336d\" data-element_type=\"widget\" data-e-type=\"widget\" data-widget_type=\"text-editor.default\">\n\t\t\t\t<div class=\"elementor-widget-container\">\n\t\t\t\t\t\t\t\t\t\n<p><strong>Who we are\u00a0<br \/><\/strong>Electronic store operating under Individual Activity Certificate No. 1044659 (owner Kristina Klymantien\u0117). This Privacy Policy describes what personal data we collect and store. Your personal data is processed in accordance with the strictly defined laws of the Republic of Lithuania.<br \/><br \/><strong>The purposes for which we process your data<br \/><\/strong>When you visit e-mail in the store, you accept cookies, place an order or contact us, we process your data for the following purposes:<\/p>\n\n<ul>\n<li>Regarding order fulfillment and delivery<\/li>\n<li>Respond to your inquiries<\/li>\n<li>Sending information messages related to your request or order<\/li>\n<li>For your opinion or comments<\/li>\n<li>In order to improve e- store functions<\/li>\n<\/ul>\n\n<p><strong>Personal data we store<br \/><\/strong>We collect and store the following personal data:<\/p>\n\n<ul>\n<li>Name, surname<\/li>\n<li>email post office<\/li>\n<li>Tel. number<\/li>\n<li>Address, delivery information<\/li>\n<li>Items you have viewed or left in your cart<\/li>\n<\/ul>\n<p><strong>Rights of data subjects<br \/><\/strong>You have the following rights:<\/p>\n<ul>\n<li>Get to know and know how your data is handled<\/li>\n<li>Apply for correction of personal data<\/li>\n<li>Disagree about the processing of personal data<\/li>\n<li>Revoke previously given consent to data processing<\/li>\n<\/ul>\n\n<p><strong>Transfer of information to third parties<br \/><\/strong>We can transfer your personal data to third parties only in the following cases:<\/p>\n\n<ul>\n<li>For smooth order fulfillment<\/li>\n<li>In order to protect your rights as a Data Controller<\/li>\n<li>Investigating financial crimes<\/li>\n<li>Upon receipt of a request from State institutions<\/li>\n<\/ul>\n<p>We cannot disclose your personal data in any other way.<\/p>\n\n<p><strong>Security of personal data<br \/><\/strong>To protect your personal data, we use reliable servers and other technologies. However, we warn you that we cannot guarantee the absolute security of your personal data.<\/p>\n\n<p><strong>Cookies<br \/><\/strong>When you browse our email store, we automatically collect your device information (IP address, time zone, device cookies). In addition, we collect data on which e-mails the store pages you are browsing or what products you are viewing. You may also not agree to the use of cookies, but in this case some e-mails Store features may not work or may not work properly.<\/p>\n\n<p><strong>Final provisions<br \/><\/strong>If you think that your personal data is being handled incorrectly or you have other complaints, contact: siulaiklaipeda.eu@gmail.com.<br \/>All complaints or violations shall be resolved by mutual agreement in the first instance through negotiation. If no consensus is reached, disputes are resolved in accordance with the procedure established by the laws of the Republic of Lithuania.<\/p>\n\n<p>\u00a0<\/p>\n\t\t\t\t\t\t\t\t<\/div>\n\t\t\t\t<\/div>\n\t\t\t\t\t<\/div>\n\t\t\t\t<\/div>\n\t\t\t\t<\/div>","protected":false},"excerpt":{"rendered":"<p>Kas mes esame\u00a0Elektronin\u0117 parduotuv\u0117, veikianti pagal Individualios veiklos pa\u017eym\u0105 Nr. 1044659 (savininkas Kristina Klymantien\u0117). \u0160i Privatumo politika apra\u0161o, kokius asmens duomenis renkame ir saugome. J\u016bs\u0173 asmens duomenys tvarkomi pagal grie\u017etai nustatytus LR \u012fstatymus. Tikslai, kuriais tvarkome J\u016bs\u0173 duomenisKai J\u016bs apsilankote el. parduotuv\u0117je, sutinkate su slapukais, pateikiate u\u017esakym\u0105 arba susisiekiate su mumis, mes J\u016bs\u0173 duomenis tvarkome [&hellip;]<\/p>","protected":false},"author":1,"featured_media":0,"parent":0,"menu_order":0,"comment_status":"closed","ping_status":"closed","template":"","meta":{"footnotes":""},"class_list":["post-8702","page","type-page","status-publish","hentry"],"_links":{"self":[{"href":"https:\/\/siulaiklaipeda.eu\/en\/wp-json\/wp\/v2\/pages\/8702","targetHints":{"allow":["GET"]}}],"collection":[{"href":"https:\/\/siulaiklaipeda.eu\/en\/wp-json\/wp\/v2\/pages"}],"about":[{"href":"https:\/\/siulaiklaipeda.eu\/en\/wp-json\/wp\/v2\/types\/page"}],"author":[{"embeddable":true,"href":"https:\/\/siulaiklaipeda.eu\/en\/wp-json\/wp\/v2\/users\/1"}],"replies":[{"embeddable":true,"href":"https:\/\/siulaiklaipeda.eu\/en\/wp-json\/wp\/v2\/comments?post=8702"}],"version-history":[{"count":49,"href":"https:\/\/siulaiklaipeda.eu\/en\/wp-json\/wp\/v2\/pages\/8702\/revisions"}],"predecessor-version":[{"id":17654,"href":"https:\/\/siulaiklaipeda.eu\/en\/wp-json\/wp\/v2\/pages\/8702\/revisions\/17654"}],"wp:attachment":[{"href":"https:\/\/siulaiklaipeda.eu\/en\/wp-json\/wp\/v2\/media?parent=8702"}],"curies":[{"name":"wp","href":"https:\/\/api.w.org\/{rel}","templated":true}]}}