{"id":8625,"date":"2024-03-11T12:46:13","date_gmt":"2024-03-11T12:46:13","guid":{"rendered":"https:\/\/siulaiklaipeda.eu\/?page_id=8625"},"modified":"2025-04-11T16:12:17","modified_gmt":"2025-04-11T14:12:17","slug":"prekiu-pristatymas","status":"publish","type":"page","link":"https:\/\/siulaiklaipeda.eu\/en\/prekiu-pristatymas\/","title":{"rendered":"Delivery of goods"},"content":{"rendered":"<div data-elementor-type=\"wp-page\" data-elementor-id=\"8625\" class=\"elementor elementor-8625\">\n\t\t\t\t<div class=\"elementor-element elementor-element-eda126e e-flex e-con-boxed e-con e-parent\" data-id=\"eda126e\" data-element_type=\"container\" data-e-type=\"container\">\n\t\t\t\t\t<div class=\"e-con-inner\">\n\t\t\t\t<div class=\"elementor-element elementor-element-39e43c4 elementor-widget elementor-widget-text-editor\" data-id=\"39e43c4\" data-element_type=\"widget\" data-e-type=\"widget\" data-widget_type=\"text-editor.default\">\n\t\t\t\t<div class=\"elementor-widget-container\">\n\t\t\t\t\t\t\t\t\t\n<p>We deliver all goods purchased online in Lithuania within 1-3 days <br \/>In Klaip\u0117da, it can be picked up free of charge at: <br \/><em>Til\u017e\u0117s str. 51, London Path Row 1 (No. 14).<\/em><br \/><em>We work: Wednesday, Saturday and Sunday from 9 am to 2 pm.<\/em><br \/><br \/><b><span style=\"text-decoration: underline;\">Delivery in Lithuania<\/span>:<br \/><\/b><span style=\"font-size: 16px;\">We send goods by OMNIVA postal machine, LPEXPRESS postal machine and Lithuanian Post:<br \/>- Sending by OMNIVA postage meter - \u20ac3.50<br \/>- Shipping by LPEXPRESS or Lithuanian post - 3.50\u20ac<br \/>- When buying goods for 60 \u20ac and more - delivery in Lithuania is FREE.<\/span><\/p>\n<p><span style=\"text-decoration: underline;\"><b>Delivery to Latvia and Estonia:<\/b><\/span><br \/>We send by OMNIVA postal machine. Delivery may take up to 7 days.\u00a0<br \/>- The price of sending to LATVIA with the Omniva postage meter is \u20ac6<br \/>- The price of sending to ESTONIA with the Omniva postage meter is \u20ac8<\/p>\n<p><span style=\"text-decoration: underline;\"><b>Delivery to other European countries:<\/b><\/span><br \/>We send by Lithuanian post.<br \/>We ship to: Sweden, Ireland, Denmark, Spain, Netherlands, Poland, Norway, Finland, Germany - 10\u20ac<br \/>UK (United Kingdom) \u2013 37\u20ac<br \/><br \/><span style=\"text-decoration: underline;\"><b>Shipping to the US:<\/b><\/span><br \/>We send by Lithuanian post.<br \/>- The cost of shipping to the USA is \u20ac22<\/p>\n\t\t\t\t\t\t\t\t<\/div>\n\t\t\t\t<\/div>\n\t\t\t\t\t<\/div>\n\t\t\t\t<\/div>\n\t\t\t\t<\/div>","protected":false},"excerpt":{"rendered":"<p>Visas internetu \u012fsigytas prekes pristatome Lietuvoje per 1-3 d. d. Klaip\u0117doje galima atsiimti nemokamai adresu: Til\u017e\u0117s g. 51, Londono takas 1 eil\u0117 (14 vieta).Dirbame: tre\u010diadien\u012f, \u0161e\u0161tadien\u012f ir sekmadien\u012f 9-14 val. Pristatymas Lietuvoje:Prekes siun\u010diame OMNIVA pa\u0161tomatu, LPEXPRESS pa\u0161tomatu ir Lietuvos pa\u0161tu:&#8211; Siuntimas OMNIVA pa\u0161tomatu &#8211; 3.50 \u20ac&#8211; Siuntimas LPEXPRESS arba Lietuvos pa\u0161tu &#8211; 3.50\u20ac&#8211; Perkant preki\u0173 [&hellip;]<\/p>","protected":false},"author":1,"featured_media":0,"parent":0,"menu_order":0,"comment_status":"closed","ping_status":"closed","template":"","meta":{"footnotes":""},"class_list":["post-8625","page","type-page","status-publish","hentry"],"_links":{"self":[{"href":"https:\/\/siulaiklaipeda.eu\/en\/wp-json\/wp\/v2\/pages\/8625","targetHints":{"allow":["GET"]}}],"collection":[{"href":"https:\/\/siulaiklaipeda.eu\/en\/wp-json\/wp\/v2\/pages"}],"about":[{"href":"https:\/\/siulaiklaipeda.eu\/en\/wp-json\/wp\/v2\/types\/page"}],"author":[{"embeddable":true,"href":"https:\/\/siulaiklaipeda.eu\/en\/wp-json\/wp\/v2\/users\/1"}],"replies":[{"embeddable":true,"href":"https:\/\/siulaiklaipeda.eu\/en\/wp-json\/wp\/v2\/comments?post=8625"}],"version-history":[{"count":68,"href":"https:\/\/siulaiklaipeda.eu\/en\/wp-json\/wp\/v2\/pages\/8625\/revisions"}],"predecessor-version":[{"id":17648,"href":"https:\/\/siulaiklaipeda.eu\/en\/wp-json\/wp\/v2\/pages\/8625\/revisions\/17648"}],"wp:attachment":[{"href":"https:\/\/siulaiklaipeda.eu\/en\/wp-json\/wp\/v2\/media?parent=8625"}],"curies":[{"name":"wp","href":"https:\/\/api.w.org\/{rel}","templated":true}]}}